{"id":34,"date":"2024-08-30T21:47:55","date_gmt":"2024-08-30T21:47:55","guid":{"rendered":"https:\/\/www.ambulancetaxi-saam50.fr\/?page_id=34"},"modified":"2024-11-08T14:13:47","modified_gmt":"2024-11-08T14:13:47","slug":"contact","status":"publish","type":"page","link":"https:\/\/www.ambulancetaxi-saam50.fr\/?page_id=34","title":{"rendered":"Contact"},"content":{"rendered":"<h2>Nous contacter<\/h2>\n<p>our toute question, r\u00e9servation ou demande d\u2019informations, n\u2019h\u00e9sitez pas \u00e0 nous contacter. Notre \u00e9quipe est \u00e0 votre disposition pour vous aider et r\u00e9pondre \u00e0 toutes vos attentes.<\/p>\n<p>\t\t\t<svg aria-hidden=\"true\" viewBox=\"0 0 512 512\" xmlns=\"http:\/\/www.w3.org\/2000\/svg\"><path d=\"M497.39 361.8l-112-48a24 24 0 0 0-28 6.9l-49.6 60.6A370.66 370.66 0 0 1 130.6 204.11l60.6-49.6a23.94 23.94 0 0 0 6.9-28l-48-112A24.16 24.16 0 0 0 122.6.61l-104 24A24 24 0 0 0 0 48c0 256.5 207.9 464 464 464a24 24 0 0 0 23.4-18.6l24-104a24.29 24.29 0 0 0-14.01-27.6z\"><\/path><\/svg>\t\t\t<\/p>\n<h2>T\u00e9l\u00e9phone<\/h2>\n<p>\t\t\t<a href=\"tel:+33%202%2033%2060%2098%2023\"><br \/>\n\t\t\t\t\t\t\t\t\t+33 2 33 60 98 23<br \/>\n\t\t\t\t\t<\/a><br \/>\n\t\t\t<svg aria-hidden=\"true\" viewBox=\"0 0 512 512\" xmlns=\"http:\/\/www.w3.org\/2000\/svg\"><path d=\"M476 3.2L12.5 270.6c-18.1 10.4-15.8 35.6 2.2 43.2L121 358.4l287.3-253.2c5.5-4.9 13.3 2.6 8.6 8.3L176 407v80.5c0 23.6 28.5 32.9 42.5 15.8L282 426l124.6 52.2c14.2 6 30.4-2.9 33-18.2l72-432C515 7.8 493.3-6.8 476 3.2z\"><\/path><\/svg>\t\t\t<\/p>\n<h2>E-mail<\/h2>\n<p>\t\t\t<a href=\"mailto:administratif@ambulancesaam50.fr\"><br \/>\n\t\t\t\t\t\t\t\t\tadministratif@ambulancesaam50.fr<br \/>\n\t\t\t\t\t<\/a><br \/>\n\t\t\t<svg aria-hidden=\"true\" viewBox=\"0 0 288 512\" xmlns=\"http:\/\/www.w3.org\/2000\/svg\"><path d=\"M112 316.94v156.69l22.02 33.02c4.75 7.12 15.22 7.12 19.97 0L176 473.63V316.94c-10.39 1.92-21.06 3.06-32 3.06s-21.61-1.14-32-3.06zM144 0C64.47 0 0 64.47 0 144s64.47 144 144 144 144-64.47 144-144S223.53 0 144 0zm0 76c-37.5 0-68 30.5-68 68 0 6.62-5.38 12-12 12s-12-5.38-12-12c0-50.73 41.28-92 92-92 6.62 0 12 5.38 12 12s-5.38 12-12 12z\"><\/path><\/svg>\t\t\t<\/p>\n<h2>Adresse<\/h2>\n<p>\t\t\t<a href=\"#\"><br \/>\n\t\t\t\t\t\t\t\t\tZ I de Beaufour, 50240 Saint-James, France<br \/>\n\t\t\t\t\t<\/a><br \/>\n\t\t\t<iframe loading=\"lazy\"\n\t\t\t\t\tsrc=\"https:\/\/maps.google.com\/maps?q=Z%20I%20de%20Beaufour%2C%2050240%20Saint-James%2C%20France&#038;t=m&#038;z=15&#038;output=embed&#038;iwloc=near\"\n\t\t\t\t\ttitle=\"Z I de Beaufour, 50240 Saint-James, France\"\n\t\t\t\t\taria-label=\"Z I de Beaufour, 50240 Saint-James, France\"\n\t\t\t><\/iframe><\/p>\n","protected":false},"excerpt":{"rendered":"<p>Nous contacter our toute question, r\u00e9servation ou demande d\u2019informations, n\u2019h\u00e9sitez pas \u00e0 nous contacter. Notre \u00e9quipe est \u00e0 votre disposition [&hellip;]<\/p>\n","protected":false},"author":9,"featured_media":0,"parent":0,"menu_order":0,"comment_status":"closed","ping_status":"open","template":"","meta":{"site-sidebar-layout":"no-sidebar","site-content-layout":"","ast-site-content-layout":"full-width-container","site-content-style":"default","site-sidebar-style":"default","ast-global-header-display":"","ast-banner-title-visibility":"","ast-main-header-display":"","ast-hfb-above-header-display":"","ast-hfb-below-header-display":"","ast-hfb-mobile-header-display":"","site-post-title":"disabled","ast-breadcrumbs-content":"","ast-featured-img":"disabled","footer-sml-layout":"","theme-transparent-header-meta":"","adv-header-id-meta":"","stick-header-meta":"","header-above-stick-meta":"","header-main-stick-meta":"","header-below-stick-meta":"","astra-migrate-meta-layouts":"default","ast-page-background-enabled":"default","ast-page-background-meta":{"desktop":{"background-color":"var(--ast-global-color-4)","background-image":"","background-repeat":"repeat","background-position":"center center","background-size":"auto","background-attachment":"scroll","background-type":"","background-media":"","overlay-type":"","overlay-color":"","overlay-opacity":"","overlay-gradient":""},"tablet":{"background-color":"","background-image":"","background-repeat":"repeat","background-position":"center center","background-size":"auto","background-attachment":"scroll","background-type":"","background-media":"","overlay-type":"","overlay-color":"","overlay-opacity":"","overlay-gradient":""},"mobile":{"background-color":"","background-image":"","background-repeat":"repeat","background-position":"center center","background-size":"auto","background-attachment":"scroll","background-type":"","background-media":"","overlay-type":"","overlay-color":"","overlay-opacity":"","overlay-gradient":""}},"ast-content-background-meta":{"desktop":{"background-color":"var(--ast-global-color-5)","background-image":"","background-repeat":"repeat","background-position":"center center","background-size":"auto","background-attachment":"scroll","background-type":"","background-media":"","overlay-type":"","overlay-color":"","overlay-opacity":"","overlay-gradient":""},"tablet":{"background-color":"var(--ast-global-color-5)","background-image":"","background-repeat":"repeat","background-position":"center center","background-size":"auto","background-attachment":"scroll","background-type":"","background-media":"","overlay-type":"","overlay-color":"","overlay-opacity":"","overlay-gradient":""},"mobile":{"background-color":"var(--ast-global-color-5)","background-image":"","background-repeat":"repeat","background-position":"center center","background-size":"auto","background-attachment":"scroll","background-type":"","background-media":"","overlay-type":"","overlay-color":"","overlay-opacity":"","overlay-gradient":""}},"footnotes":""},"class_list":["post-34","page","type-page","status-publish","hentry"],"aioseo_notices":[],"yoast_head":"<!-- This site is optimized with the Yoast SEO plugin v27.4 - https:\/\/yoast.com\/product\/yoast-seo-wordpress\/ -->\n<title>Contact - Saam-50 | Saint-James<\/title>\n<meta name=\"robots\" content=\"index, follow, max-snippet:-1, max-image-preview:large, max-video-preview:-1\" \/>\n<link rel=\"canonical\" href=\"https:\/\/www.ambulancetaxi-saam50.fr\/?page_id=34\" \/>\n<meta property=\"og:locale\" content=\"en_US\" \/>\n<meta property=\"og:type\" content=\"article\" \/>\n<meta property=\"og:title\" content=\"Contact - Saam-50 | Saint-James\" \/>\n<meta property=\"og:description\" content=\"Nous contacter our toute question, r\u00e9servation ou demande d\u2019informations, n\u2019h\u00e9sitez pas \u00e0 nous contacter. Notre \u00e9quipe est \u00e0 votre disposition [&hellip;]\" \/>\n<meta property=\"og:url\" content=\"https:\/\/www.ambulancetaxi-saam50.fr\/?page_id=34\" \/>\n<meta property=\"og:site_name\" content=\"Saam-50 | Saint-James\" \/>\n<meta property=\"article:modified_time\" content=\"2024-11-08T14:13:47+00:00\" \/>\n<meta name=\"twitter:card\" content=\"summary_large_image\" \/>\n<script type=\"application\/ld+json\" class=\"yoast-schema-graph\">{\"@context\":\"https:\\\/\\\/schema.org\",\"@graph\":[{\"@type\":\"WebPage\",\"@id\":\"https:\\\/\\\/www.ambulancetaxi-saam50.fr\\\/?page_id=34\",\"url\":\"https:\\\/\\\/www.ambulancetaxi-saam50.fr\\\/?page_id=34\",\"name\":\"Contact - Saam-50 | Saint-James\",\"isPartOf\":{\"@id\":\"https:\\\/\\\/www.ambulancetaxi-saam50.fr\\\/#website\"},\"datePublished\":\"2024-08-30T21:47:55+00:00\",\"dateModified\":\"2024-11-08T14:13:47+00:00\",\"breadcrumb\":{\"@id\":\"https:\\\/\\\/www.ambulancetaxi-saam50.fr\\\/?page_id=34#breadcrumb\"},\"inLanguage\":\"en-US\",\"potentialAction\":[{\"@type\":\"ReadAction\",\"target\":[\"https:\\\/\\\/www.ambulancetaxi-saam50.fr\\\/?page_id=34\"]}]},{\"@type\":\"BreadcrumbList\",\"@id\":\"https:\\\/\\\/www.ambulancetaxi-saam50.fr\\\/?page_id=34#breadcrumb\",\"itemListElement\":[{\"@type\":\"ListItem\",\"position\":1,\"name\":\"Home\",\"item\":\"https:\\\/\\\/www.ambulancetaxi-saam50.fr\\\/\"},{\"@type\":\"ListItem\",\"position\":2,\"name\":\"Contact\"}]},{\"@type\":\"WebSite\",\"@id\":\"https:\\\/\\\/www.ambulancetaxi-saam50.fr\\\/#website\",\"url\":\"https:\\\/\\\/www.ambulancetaxi-saam50.fr\\\/\",\"name\":\"Saam-50 | Saint-James\",\"description\":\"\",\"potentialAction\":[{\"@type\":\"SearchAction\",\"target\":{\"@type\":\"EntryPoint\",\"urlTemplate\":\"https:\\\/\\\/www.ambulancetaxi-saam50.fr\\\/?s={search_term_string}\"},\"query-input\":{\"@type\":\"PropertyValueSpecification\",\"valueRequired\":true,\"valueName\":\"search_term_string\"}}],\"inLanguage\":\"en-US\"}]}<\/script>\n<!-- \/ Yoast SEO plugin. -->","yoast_head_json":{"title":"Contact - Saam-50 | Saint-James","robots":{"index":"index","follow":"follow","max-snippet":"max-snippet:-1","max-image-preview":"max-image-preview:large","max-video-preview":"max-video-preview:-1"},"canonical":"https:\/\/www.ambulancetaxi-saam50.fr\/?page_id=34","og_locale":"en_US","og_type":"article","og_title":"Contact - Saam-50 | Saint-James","og_description":"Nous contacter our toute question, r\u00e9servation ou demande d\u2019informations, n\u2019h\u00e9sitez pas \u00e0 nous contacter. Notre \u00e9quipe est \u00e0 votre disposition [&hellip;]","og_url":"https:\/\/www.ambulancetaxi-saam50.fr\/?page_id=34","og_site_name":"Saam-50 | Saint-James","article_modified_time":"2024-11-08T14:13:47+00:00","twitter_card":"summary_large_image","schema":{"@context":"https:\/\/schema.org","@graph":[{"@type":"WebPage","@id":"https:\/\/www.ambulancetaxi-saam50.fr\/?page_id=34","url":"https:\/\/www.ambulancetaxi-saam50.fr\/?page_id=34","name":"Contact - Saam-50 | Saint-James","isPartOf":{"@id":"https:\/\/www.ambulancetaxi-saam50.fr\/#website"},"datePublished":"2024-08-30T21:47:55+00:00","dateModified":"2024-11-08T14:13:47+00:00","breadcrumb":{"@id":"https:\/\/www.ambulancetaxi-saam50.fr\/?page_id=34#breadcrumb"},"inLanguage":"en-US","potentialAction":[{"@type":"ReadAction","target":["https:\/\/www.ambulancetaxi-saam50.fr\/?page_id=34"]}]},{"@type":"BreadcrumbList","@id":"https:\/\/www.ambulancetaxi-saam50.fr\/?page_id=34#breadcrumb","itemListElement":[{"@type":"ListItem","position":1,"name":"Home","item":"https:\/\/www.ambulancetaxi-saam50.fr\/"},{"@type":"ListItem","position":2,"name":"Contact"}]},{"@type":"WebSite","@id":"https:\/\/www.ambulancetaxi-saam50.fr\/#website","url":"https:\/\/www.ambulancetaxi-saam50.fr\/","name":"Saam-50 | Saint-James","description":"","potentialAction":[{"@type":"SearchAction","target":{"@type":"EntryPoint","urlTemplate":"https:\/\/www.ambulancetaxi-saam50.fr\/?s={search_term_string}"},"query-input":{"@type":"PropertyValueSpecification","valueRequired":true,"valueName":"search_term_string"}}],"inLanguage":"en-US"}]}},"_links":{"self":[{"href":"https:\/\/www.ambulancetaxi-saam50.fr\/index.php?rest_route=\/wp\/v2\/pages\/34","targetHints":{"allow":["GET"]}}],"collection":[{"href":"https:\/\/www.ambulancetaxi-saam50.fr\/index.php?rest_route=\/wp\/v2\/pages"}],"about":[{"href":"https:\/\/www.ambulancetaxi-saam50.fr\/index.php?rest_route=\/wp\/v2\/types\/page"}],"author":[{"embeddable":true,"href":"https:\/\/www.ambulancetaxi-saam50.fr\/index.php?rest_route=\/wp\/v2\/users\/9"}],"replies":[{"embeddable":true,"href":"https:\/\/www.ambulancetaxi-saam50.fr\/index.php?rest_route=%2Fwp%2Fv2%2Fcomments&post=34"}],"version-history":[{"count":97,"href":"https:\/\/www.ambulancetaxi-saam50.fr\/index.php?rest_route=\/wp\/v2\/pages\/34\/revisions"}],"predecessor-version":[{"id":710,"href":"https:\/\/www.ambulancetaxi-saam50.fr\/index.php?rest_route=\/wp\/v2\/pages\/34\/revisions\/710"}],"wp:attachment":[{"href":"https:\/\/www.ambulancetaxi-saam50.fr\/index.php?rest_route=%2Fwp%2Fv2%2Fmedia&parent=34"}],"curies":[{"name":"wp","href":"https:\/\/api.w.org\/{rel}","templated":true}]}}