{"id":32,"date":"2024-08-30T21:47:42","date_gmt":"2024-08-30T21:47:42","guid":{"rendered":"https:\/\/www.ambulancetaxi-saam50.fr\/?page_id=32"},"modified":"2024-11-11T21:32:22","modified_gmt":"2024-11-11T21:32:22","slug":"galerie","status":"publish","type":"page","link":"https:\/\/www.ambulancetaxi-saam50.fr\/?page_id=32","title":{"rendered":"Galerie"},"content":{"rendered":"<h2>Galerie &#8211; Nos Services en Images<\/h2>\n<p>D\u00e9couvrez en images notre service de transport m\u00e9dicalis\u00e9 et nos v\u00e9hicules, pens\u00e9s pour votre confort et votre s\u00e9curit\u00e9. Parcourez notre galerie pour en savoir plus sur notre flotte, notre \u00e9quipe de chauffeurs qualifi\u00e9s, et les lieux que nous desservons. Nous sommes fiers de vous pr\u00e9senter un aper\u00e7u de notre engagement envers un service de qualit\u00e9, \u00e0 chaque trajet.<\/p>\n<p>\t\t\t<a href=\"tel:+33233609823\"><br \/>\n\t\t\t\t<svg aria-hidden=\"true\" viewBox=\"0 0 512 512\" xmlns=\"http:\/\/www.w3.org\/2000\/svg\"><path d=\"M497.39 361.8l-112-48a24 24 0 0 0-28 6.9l-49.6 60.6A370.66 370.66 0 0 1 130.6 204.11l60.6-49.6a23.94 23.94 0 0 0 6.9-28l-48-112A24.16 24.16 0 0 0 122.6.61l-104 24A24 24 0 0 0 0 48c0 256.5 207.9 464 464 464a24 24 0 0 0 23.4-18.6l24-104a24.29 24.29 0 0 0-14.01-27.6z\"><\/path><\/svg><br \/>\n\t\t\t\t\t\t\t\t\t+33 2 33 60 98 23<br \/>\n\t\t\t\t\t<\/a><br \/>\n\t\t\t<a href=\"https:\/\/www.ambulancetaxi-saam50.fr\/contact\/\"><br \/>\n\t\t\t\t<svg aria-hidden=\"true\" viewBox=\"0 0 448 512\" xmlns=\"http:\/\/www.w3.org\/2000\/svg\"><path d=\"M313.941 216H12c-6.627 0-12 5.373-12 12v56c0 6.627 5.373 12 12 12h301.941v46.059c0 21.382 25.851 32.09 40.971 16.971l86.059-86.059c9.373-9.373 9.373-24.569 0-33.941l-86.059-86.059c-15.119-15.119-40.971-4.411-40.971 16.971V216z\"><\/path><\/svg><br \/>\n\t\t\t\t\t\t\t\t\tContactez-nous<br \/>\n\t\t\t\t\t<\/a><br \/>\n\t\t\t\t\t\t\t\t\t\t\t\t\t<img loading=\"lazy\" decoding=\"async\" width=\"1024\" height=\"512\" src=\"https:\/\/www.ambulancetaxi-saam50.fr\/wp-content\/uploads\/2024\/08\/ambulance2-1024x512.jpeg\" alt=\"\" srcset=\"https:\/\/www.ambulancetaxi-saam50.fr\/wp-content\/uploads\/2024\/08\/ambulance2-1024x512.jpeg 1024w, https:\/\/www.ambulancetaxi-saam50.fr\/wp-content\/uploads\/2024\/08\/ambulance2-300x150.jpeg 300w, https:\/\/www.ambulancetaxi-saam50.fr\/wp-content\/uploads\/2024\/08\/ambulance2-768x384.jpeg 768w, https:\/\/www.ambulancetaxi-saam50.fr\/wp-content\/uploads\/2024\/08\/ambulance2-1536x768.jpeg 1536w, https:\/\/www.ambulancetaxi-saam50.fr\/wp-content\/uploads\/2024\/08\/ambulance2-2048x1024.jpeg 2048w\" sizes=\"auto, (max-width: 1024px) 100vw, 1024px\" \/><br \/>\n\t\t\t\t\t\t\t\t\t\t\t\t\t<img loading=\"lazy\" decoding=\"async\" width=\"1000\" height=\"700\" src=\"https:\/\/www.ambulancetaxi-saam50.fr\/wp-content\/uploads\/2024\/08\/ambulance.png\" alt=\"\" srcset=\"https:\/\/www.ambulancetaxi-saam50.fr\/wp-content\/uploads\/2024\/08\/ambulance.png 1000w, https:\/\/www.ambulancetaxi-saam50.fr\/wp-content\/uploads\/2024\/08\/ambulance-300x210.png 300w, https:\/\/www.ambulancetaxi-saam50.fr\/wp-content\/uploads\/2024\/08\/ambulance-768x538.png 768w\" sizes=\"auto, (max-width: 1000px) 100vw, 1000px\" \/><br \/>\n\t\t\t\t\t\t\t\t\t\t\t\t\t<img loading=\"lazy\" decoding=\"async\" width=\"1024\" height=\"576\" src=\"https:\/\/www.ambulancetaxi-saam50.fr\/wp-content\/uploads\/2024\/08\/saam.jpeg\" alt=\"\" srcset=\"https:\/\/www.ambulancetaxi-saam50.fr\/wp-content\/uploads\/2024\/08\/saam.jpeg 1024w, https:\/\/www.ambulancetaxi-saam50.fr\/wp-content\/uploads\/2024\/08\/saam-300x169.jpeg 300w, https:\/\/www.ambulancetaxi-saam50.fr\/wp-content\/uploads\/2024\/08\/saam-768x432.jpeg 768w\" sizes=\"auto, (max-width: 1024px) 100vw, 1024px\" \/><br \/>\n\t\t\t\t\t\t\t\t\t\t\t\t\t<img loading=\"lazy\" decoding=\"async\" width=\"1024\" height=\"576\" src=\"https:\/\/www.ambulancetaxi-saam50.fr\/wp-content\/uploads\/2024\/08\/background-image-saam-2-1-1024x576.jpg\" alt=\"\" srcset=\"https:\/\/www.ambulancetaxi-saam50.fr\/wp-content\/uploads\/2024\/08\/background-image-saam-2-1-1024x576.jpg 1024w, https:\/\/www.ambulancetaxi-saam50.fr\/wp-content\/uploads\/2024\/08\/background-image-saam-2-1-300x169.jpg 300w, https:\/\/www.ambulancetaxi-saam50.fr\/wp-content\/uploads\/2024\/08\/background-image-saam-2-1-768x432.jpg 768w, https:\/\/www.ambulancetaxi-saam50.fr\/wp-content\/uploads\/2024\/08\/background-image-saam-2-1.jpg 1440w\" sizes=\"auto, (max-width: 1024px) 100vw, 1024px\" \/><br \/>\n\t\t\t\t\t\t\t\t\t\t\t\t\t<img loading=\"lazy\" decoding=\"async\" width=\"683\" height=\"1024\" src=\"https:\/\/www.ambulancetaxi-saam50.fr\/wp-content\/uploads\/2024\/08\/SAS-Brancard-683x1024.jpg\" alt=\"\" srcset=\"https:\/\/www.ambulancetaxi-saam50.fr\/wp-content\/uploads\/2024\/08\/SAS-Brancard-683x1024.jpg 683w, https:\/\/www.ambulancetaxi-saam50.fr\/wp-content\/uploads\/2024\/08\/SAS-Brancard-200x300.jpg 200w, https:\/\/www.ambulancetaxi-saam50.fr\/wp-content\/uploads\/2024\/08\/SAS-Brancard-768x1152.jpg 768w, https:\/\/www.ambulancetaxi-saam50.fr\/wp-content\/uploads\/2024\/08\/SAS-Brancard-1024x1536.jpg 1024w, https:\/\/www.ambulancetaxi-saam50.fr\/wp-content\/uploads\/2024\/08\/SAS-Brancard-1365x2048.jpg 1365w, https:\/\/www.ambulancetaxi-saam50.fr\/wp-content\/uploads\/2024\/08\/SAS-Brancard-scaled.jpg 1707w\" sizes=\"auto, (max-width: 683px) 100vw, 683px\" \/><br \/>\n\t\t\t\t\t\t\t\t\t\t\t\t\t<img loading=\"lazy\" decoding=\"async\" width=\"1024\" height=\"682\" src=\"https:\/\/www.ambulancetaxi-saam50.fr\/wp-content\/uploads\/2024\/08\/532-1-1024x682.jpg\" alt=\"\" srcset=\"https:\/\/www.ambulancetaxi-saam50.fr\/wp-content\/uploads\/2024\/08\/532-1-1024x682.jpg 1024w, https:\/\/www.ambulancetaxi-saam50.fr\/wp-content\/uploads\/2024\/08\/532-1-300x200.jpg 300w, https:\/\/www.ambulancetaxi-saam50.fr\/wp-content\/uploads\/2024\/08\/532-1-768x512.jpg 768w, https:\/\/www.ambulancetaxi-saam50.fr\/wp-content\/uploads\/2024\/08\/532-1.jpg 1514w\" sizes=\"auto, (max-width: 1024px) 100vw, 1024px\" \/><br \/>\n\t\t\t\t\t\t\t\t\t\t\t\t\t<img loading=\"lazy\" decoding=\"async\" width=\"1024\" height=\"1024\" src=\"https:\/\/www.ambulancetaxi-saam50.fr\/wp-content\/uploads\/2024\/08\/taxi2-1024x1024.jpg\" alt=\"\" srcset=\"https:\/\/www.ambulancetaxi-saam50.fr\/wp-content\/uploads\/2024\/08\/taxi2-1024x1024.jpg 1024w, https:\/\/www.ambulancetaxi-saam50.fr\/wp-content\/uploads\/2024\/08\/taxi2-300x300.jpg 300w, https:\/\/www.ambulancetaxi-saam50.fr\/wp-content\/uploads\/2024\/08\/taxi2-150x150.jpg 150w, https:\/\/www.ambulancetaxi-saam50.fr\/wp-content\/uploads\/2024\/08\/taxi2-768x768.jpg 768w, https:\/\/www.ambulancetaxi-saam50.fr\/wp-content\/uploads\/2024\/08\/taxi2-1536x1536.jpg 1536w, https:\/\/www.ambulancetaxi-saam50.fr\/wp-content\/uploads\/2024\/08\/taxi2.jpg 1600w\" sizes=\"auto, (max-width: 1024px) 100vw, 1024px\" \/><br \/>\n\t\t\t\t\t\t\t\t\t\t\t\t\t<img loading=\"lazy\" decoding=\"async\" width=\"222\" height=\"174\" src=\"https:\/\/www.ambulancetaxi-saam50.fr\/wp-content\/uploads\/2024\/09\/logo-for-taxi.png\" alt=\"\" \/><br \/>\n\t\t\t\t\t\t\t\t\t\t\t\t\t<img loading=\"lazy\" decoding=\"async\" width=\"253\" height=\"395\" src=\"https:\/\/www.ambulancetaxi-saam50.fr\/wp-content\/uploads\/2024\/08\/saam-team-1.svg\" alt=\"\" \/><br \/>\n\t\t\t\t\t\t\t\t\t\t\t\t\t<img loading=\"lazy\" decoding=\"async\" width=\"1024\" height=\"768\" src=\"https:\/\/www.ambulancetaxi-saam50.fr\/wp-content\/uploads\/2024\/08\/saam-50-team-image-1-1024x768.jpg\" alt=\"\" srcset=\"https:\/\/www.ambulancetaxi-saam50.fr\/wp-content\/uploads\/2024\/08\/saam-50-team-image-1-1024x768.jpg 1024w, https:\/\/www.ambulancetaxi-saam50.fr\/wp-content\/uploads\/2024\/08\/saam-50-team-image-1-300x225.jpg 300w, https:\/\/www.ambulancetaxi-saam50.fr\/wp-content\/uploads\/2024\/08\/saam-50-team-image-1-768x576.jpg 768w, https:\/\/www.ambulancetaxi-saam50.fr\/wp-content\/uploads\/2024\/08\/saam-50-team-image-1.jpg 1038w\" sizes=\"auto, (max-width: 1024px) 100vw, 1024px\" \/><br \/>\n\t\t\t\t\t\t\t\t\t\t\t\t\t<img loading=\"lazy\" decoding=\"async\" width=\"1024\" height=\"768\" src=\"https:\/\/www.ambulancetaxi-saam50.fr\/wp-content\/uploads\/2024\/08\/taxi-hamard-1024x768.jpg\" alt=\"\" srcset=\"https:\/\/www.ambulancetaxi-saam50.fr\/wp-content\/uploads\/2024\/08\/taxi-hamard-1024x768.jpg 1024w, https:\/\/www.ambulancetaxi-saam50.fr\/wp-content\/uploads\/2024\/08\/taxi-hamard-300x225.jpg 300w, https:\/\/www.ambulancetaxi-saam50.fr\/wp-content\/uploads\/2024\/08\/taxi-hamard-768x576.jpg 768w, https:\/\/www.ambulancetaxi-saam50.fr\/wp-content\/uploads\/2024\/08\/taxi-hamard.jpg 1360w\" sizes=\"auto, (max-width: 1024px) 100vw, 1024px\" \/><br \/>\n\t\t\t\t\t\t\t\t\t\t\t\t\t<img loading=\"lazy\" decoding=\"async\" width=\"1024\" height=\"595\" src=\"https:\/\/www.ambulancetaxi-saam50.fr\/wp-content\/uploads\/2024\/10\/samu-1024x595.jpg\" alt=\"\" srcset=\"https:\/\/www.ambulancetaxi-saam50.fr\/wp-content\/uploads\/2024\/10\/samu-1024x595.jpg 1024w, https:\/\/www.ambulancetaxi-saam50.fr\/wp-content\/uploads\/2024\/10\/samu-300x174.jpg 300w, https:\/\/www.ambulancetaxi-saam50.fr\/wp-content\/uploads\/2024\/10\/samu-768x446.jpg 768w, https:\/\/www.ambulancetaxi-saam50.fr\/wp-content\/uploads\/2024\/10\/samu-1536x892.jpg 1536w, https:\/\/www.ambulancetaxi-saam50.fr\/wp-content\/uploads\/2024\/10\/samu.jpg 1919w\" sizes=\"auto, (max-width: 1024px) 100vw, 1024px\" \/><\/p>\n","protected":false},"excerpt":{"rendered":"<p>Galerie &#8211; Nos Services en Images D\u00e9couvrez en images notre service de transport m\u00e9dicalis\u00e9 et nos v\u00e9hicules, pens\u00e9s pour votre [&hellip;]<\/p>\n","protected":false},"author":9,"featured_media":0,"parent":0,"menu_order":0,"comment_status":"closed","ping_status":"open","template":"","meta":{"site-sidebar-layout":"no-sidebar","site-content-layout":"","ast-site-content-layout":"full-width-container","site-content-style":"default","site-sidebar-style":"default","ast-global-header-display":"","ast-banner-title-visibility":"","ast-main-header-display":"","ast-hfb-above-header-display":"","ast-hfb-below-header-display":"","ast-hfb-mobile-header-display":"","site-post-title":"disabled","ast-breadcrumbs-content":"","ast-featured-img":"disabled","footer-sml-layout":"","theme-transparent-header-meta":"","adv-header-id-meta":"","stick-header-meta":"","header-above-stick-meta":"","header-main-stick-meta":"","header-below-stick-meta":"","astra-migrate-meta-layouts":"default","ast-page-background-enabled":"default","ast-page-background-meta":{"desktop":{"background-color":"var(--ast-global-color-4)","background-image":"","background-repeat":"repeat","background-position":"center center","background-size":"auto","background-attachment":"scroll","background-type":"","background-media":"","overlay-type":"","overlay-color":"","overlay-opacity":"","overlay-gradient":""},"tablet":{"background-color":"","background-image":"","background-repeat":"repeat","background-position":"center center","background-size":"auto","background-attachment":"scroll","background-type":"","background-media":"","overlay-type":"","overlay-color":"","overlay-opacity":"","overlay-gradient":""},"mobile":{"background-color":"","background-image":"","background-repeat":"repeat","background-position":"center center","background-size":"auto","background-attachment":"scroll","background-type":"","background-media":"","overlay-type":"","overlay-color":"","overlay-opacity":"","overlay-gradient":""}},"ast-content-background-meta":{"desktop":{"background-color":"var(--ast-global-color-5)","background-image":"","background-repeat":"repeat","background-position":"center center","background-size":"auto","background-attachment":"scroll","background-type":"","background-media":"","overlay-type":"","overlay-color":"","overlay-opacity":"","overlay-gradient":""},"tablet":{"background-color":"var(--ast-global-color-5)","background-image":"","background-repeat":"repeat","background-position":"center center","background-size":"auto","background-attachment":"scroll","background-type":"","background-media":"","overlay-type":"","overlay-color":"","overlay-opacity":"","overlay-gradient":""},"mobile":{"background-color":"var(--ast-global-color-5)","background-image":"","background-repeat":"repeat","background-position":"center center","background-size":"auto","background-attachment":"scroll","background-type":"","background-media":"","overlay-type":"","overlay-color":"","overlay-opacity":"","overlay-gradient":""}},"footnotes":""},"class_list":["post-32","page","type-page","status-publish","hentry"],"aioseo_notices":[],"yoast_head":"<!-- This site is optimized with the Yoast SEO plugin v27.4 - https:\/\/yoast.com\/product\/yoast-seo-wordpress\/ -->\n<title>Galerie - Saam-50 | Saint-James<\/title>\n<meta name=\"robots\" content=\"index, follow, max-snippet:-1, max-image-preview:large, max-video-preview:-1\" \/>\n<link rel=\"canonical\" href=\"https:\/\/www.ambulancetaxi-saam50.fr\/?page_id=32\" \/>\n<meta property=\"og:locale\" content=\"en_US\" \/>\n<meta property=\"og:type\" content=\"article\" \/>\n<meta property=\"og:title\" content=\"Galerie - Saam-50 | Saint-James\" \/>\n<meta property=\"og:description\" content=\"Galerie &#8211; Nos Services en Images D\u00e9couvrez en images notre service de transport m\u00e9dicalis\u00e9 et nos v\u00e9hicules, pens\u00e9s pour votre [&hellip;]\" \/>\n<meta property=\"og:url\" content=\"https:\/\/www.ambulancetaxi-saam50.fr\/?page_id=32\" \/>\n<meta property=\"og:site_name\" content=\"Saam-50 | Saint-James\" \/>\n<meta property=\"article:modified_time\" content=\"2024-11-11T21:32:22+00:00\" \/>\n<meta property=\"og:image\" content=\"https:\/\/www.ambulancetaxi-saam50.fr\/wp-content\/uploads\/2024\/08\/ambulance2-1024x512.jpeg\" \/>\n<meta name=\"twitter:card\" content=\"summary_large_image\" \/>\n<script type=\"application\/ld+json\" class=\"yoast-schema-graph\">{\"@context\":\"https:\\\/\\\/schema.org\",\"@graph\":[{\"@type\":\"WebPage\",\"@id\":\"https:\\\/\\\/www.ambulancetaxi-saam50.fr\\\/?page_id=32\",\"url\":\"https:\\\/\\\/www.ambulancetaxi-saam50.fr\\\/?page_id=32\",\"name\":\"Galerie - Saam-50 | Saint-James\",\"isPartOf\":{\"@id\":\"https:\\\/\\\/www.ambulancetaxi-saam50.fr\\\/#website\"},\"primaryImageOfPage\":{\"@id\":\"https:\\\/\\\/www.ambulancetaxi-saam50.fr\\\/?page_id=32#primaryimage\"},\"image\":{\"@id\":\"https:\\\/\\\/www.ambulancetaxi-saam50.fr\\\/?page_id=32#primaryimage\"},\"thumbnailUrl\":\"https:\\\/\\\/www.ambulancetaxi-saam50.fr\\\/wp-content\\\/uploads\\\/2024\\\/08\\\/ambulance2-1024x512.jpeg\",\"datePublished\":\"2024-08-30T21:47:42+00:00\",\"dateModified\":\"2024-11-11T21:32:22+00:00\",\"breadcrumb\":{\"@id\":\"https:\\\/\\\/www.ambulancetaxi-saam50.fr\\\/?page_id=32#breadcrumb\"},\"inLanguage\":\"en-US\",\"potentialAction\":[{\"@type\":\"ReadAction\",\"target\":[\"https:\\\/\\\/www.ambulancetaxi-saam50.fr\\\/?page_id=32\"]}]},{\"@type\":\"ImageObject\",\"inLanguage\":\"en-US\",\"@id\":\"https:\\\/\\\/www.ambulancetaxi-saam50.fr\\\/?page_id=32#primaryimage\",\"url\":\"https:\\\/\\\/www.ambulancetaxi-saam50.fr\\\/wp-content\\\/uploads\\\/2024\\\/08\\\/ambulance2-1024x512.jpeg\",\"contentUrl\":\"https:\\\/\\\/www.ambulancetaxi-saam50.fr\\\/wp-content\\\/uploads\\\/2024\\\/08\\\/ambulance2-1024x512.jpeg\"},{\"@type\":\"BreadcrumbList\",\"@id\":\"https:\\\/\\\/www.ambulancetaxi-saam50.fr\\\/?page_id=32#breadcrumb\",\"itemListElement\":[{\"@type\":\"ListItem\",\"position\":1,\"name\":\"Home\",\"item\":\"https:\\\/\\\/www.ambulancetaxi-saam50.fr\\\/\"},{\"@type\":\"ListItem\",\"position\":2,\"name\":\"Galerie\"}]},{\"@type\":\"WebSite\",\"@id\":\"https:\\\/\\\/www.ambulancetaxi-saam50.fr\\\/#website\",\"url\":\"https:\\\/\\\/www.ambulancetaxi-saam50.fr\\\/\",\"name\":\"Saam-50 | Saint-James\",\"description\":\"\",\"potentialAction\":[{\"@type\":\"SearchAction\",\"target\":{\"@type\":\"EntryPoint\",\"urlTemplate\":\"https:\\\/\\\/www.ambulancetaxi-saam50.fr\\\/?s={search_term_string}\"},\"query-input\":{\"@type\":\"PropertyValueSpecification\",\"valueRequired\":true,\"valueName\":\"search_term_string\"}}],\"inLanguage\":\"en-US\"}]}<\/script>\n<!-- \/ Yoast SEO plugin. -->","yoast_head_json":{"title":"Galerie - Saam-50 | Saint-James","robots":{"index":"index","follow":"follow","max-snippet":"max-snippet:-1","max-image-preview":"max-image-preview:large","max-video-preview":"max-video-preview:-1"},"canonical":"https:\/\/www.ambulancetaxi-saam50.fr\/?page_id=32","og_locale":"en_US","og_type":"article","og_title":"Galerie - Saam-50 | Saint-James","og_description":"Galerie &#8211; Nos Services en Images D\u00e9couvrez en images notre service de transport m\u00e9dicalis\u00e9 et nos v\u00e9hicules, pens\u00e9s pour votre [&hellip;]","og_url":"https:\/\/www.ambulancetaxi-saam50.fr\/?page_id=32","og_site_name":"Saam-50 | Saint-James","article_modified_time":"2024-11-11T21:32:22+00:00","og_image":[{"url":"https:\/\/www.ambulancetaxi-saam50.fr\/wp-content\/uploads\/2024\/08\/ambulance2-1024x512.jpeg","type":"","width":"","height":""}],"twitter_card":"summary_large_image","schema":{"@context":"https:\/\/schema.org","@graph":[{"@type":"WebPage","@id":"https:\/\/www.ambulancetaxi-saam50.fr\/?page_id=32","url":"https:\/\/www.ambulancetaxi-saam50.fr\/?page_id=32","name":"Galerie - Saam-50 | Saint-James","isPartOf":{"@id":"https:\/\/www.ambulancetaxi-saam50.fr\/#website"},"primaryImageOfPage":{"@id":"https:\/\/www.ambulancetaxi-saam50.fr\/?page_id=32#primaryimage"},"image":{"@id":"https:\/\/www.ambulancetaxi-saam50.fr\/?page_id=32#primaryimage"},"thumbnailUrl":"https:\/\/www.ambulancetaxi-saam50.fr\/wp-content\/uploads\/2024\/08\/ambulance2-1024x512.jpeg","datePublished":"2024-08-30T21:47:42+00:00","dateModified":"2024-11-11T21:32:22+00:00","breadcrumb":{"@id":"https:\/\/www.ambulancetaxi-saam50.fr\/?page_id=32#breadcrumb"},"inLanguage":"en-US","potentialAction":[{"@type":"ReadAction","target":["https:\/\/www.ambulancetaxi-saam50.fr\/?page_id=32"]}]},{"@type":"ImageObject","inLanguage":"en-US","@id":"https:\/\/www.ambulancetaxi-saam50.fr\/?page_id=32#primaryimage","url":"https:\/\/www.ambulancetaxi-saam50.fr\/wp-content\/uploads\/2024\/08\/ambulance2-1024x512.jpeg","contentUrl":"https:\/\/www.ambulancetaxi-saam50.fr\/wp-content\/uploads\/2024\/08\/ambulance2-1024x512.jpeg"},{"@type":"BreadcrumbList","@id":"https:\/\/www.ambulancetaxi-saam50.fr\/?page_id=32#breadcrumb","itemListElement":[{"@type":"ListItem","position":1,"name":"Home","item":"https:\/\/www.ambulancetaxi-saam50.fr\/"},{"@type":"ListItem","position":2,"name":"Galerie"}]},{"@type":"WebSite","@id":"https:\/\/www.ambulancetaxi-saam50.fr\/#website","url":"https:\/\/www.ambulancetaxi-saam50.fr\/","name":"Saam-50 | Saint-James","description":"","potentialAction":[{"@type":"SearchAction","target":{"@type":"EntryPoint","urlTemplate":"https:\/\/www.ambulancetaxi-saam50.fr\/?s={search_term_string}"},"query-input":{"@type":"PropertyValueSpecification","valueRequired":true,"valueName":"search_term_string"}}],"inLanguage":"en-US"}]}},"_links":{"self":[{"href":"https:\/\/www.ambulancetaxi-saam50.fr\/index.php?rest_route=\/wp\/v2\/pages\/32","targetHints":{"allow":["GET"]}}],"collection":[{"href":"https:\/\/www.ambulancetaxi-saam50.fr\/index.php?rest_route=\/wp\/v2\/pages"}],"about":[{"href":"https:\/\/www.ambulancetaxi-saam50.fr\/index.php?rest_route=\/wp\/v2\/types\/page"}],"author":[{"embeddable":true,"href":"https:\/\/www.ambulancetaxi-saam50.fr\/index.php?rest_route=\/wp\/v2\/users\/9"}],"replies":[{"embeddable":true,"href":"https:\/\/www.ambulancetaxi-saam50.fr\/index.php?rest_route=%2Fwp%2Fv2%2Fcomments&post=32"}],"version-history":[{"count":22,"href":"https:\/\/www.ambulancetaxi-saam50.fr\/index.php?rest_route=\/wp\/v2\/pages\/32\/revisions"}],"predecessor-version":[{"id":732,"href":"https:\/\/www.ambulancetaxi-saam50.fr\/index.php?rest_route=\/wp\/v2\/pages\/32\/revisions\/732"}],"wp:attachment":[{"href":"https:\/\/www.ambulancetaxi-saam50.fr\/index.php?rest_route=%2Fwp%2Fv2%2Fmedia&parent=32"}],"curies":[{"name":"wp","href":"https:\/\/api.w.org\/{rel}","templated":true}]}}