{"id":214,"date":"2024-08-31T12:53:13","date_gmt":"2024-08-31T12:53:13","guid":{"rendered":"https:\/\/www.ambulancetaxi-saam50.fr\/?page_id=214"},"modified":"2024-10-29T19:51:03","modified_gmt":"2024-10-29T19:51:03","slug":"politique-de-confidentialite","status":"publish","type":"page","link":"https:\/\/www.ambulancetaxi-saam50.fr\/?page_id=214","title":{"rendered":"Mentions l\u00e9gales"},"content":{"rendered":"<p><span style=\"font-weight: 400;\">Conform\u00e9ment aux dispositions de la loi n\u00b0 2004-575 du 21 juin 2004 pour la confiance en l&#8217;\u00e9conomie num\u00e9rique, il est pr\u00e9cis\u00e9 aux utilisateurs du site ambulancetaxi-saam50 l&#8217;identit\u00e9 des diff\u00e9rents intervenants dans le cadre de sa r\u00e9alisation et de son suivi.<\/span><\/p>\n<p><b>Edition du site\u00a0<\/b><\/p>\n<p><span style=\"font-weight: 400;\">Le pr\u00e9sent site, accessible \u00e0 l\u2019URL https:\/\/www.ambulancetaxi-saam50.fr (le \u00ab Site \u00bb), est \u00e9dit\u00e9 par :<\/span><\/p>\n<p><i><\/i><span style=\"font-weight: 400;\">SAAM-50, soci\u00e9t\u00e9 au capital de 30000 euros, inscrite au R.C.S. de COUTANCES sous le num\u00e9ro B 814 328 795, dont le si\u00e8ge social est situ\u00e9 au ZA DE BEAUFOUR 50240 SAINT-JAMES, repr\u00e9sent\u00e9(e) par Willy SAINT-FELIX d\u00fbment habilit\u00e9(e)<\/span><\/p>\n<p><span style=\"font-weight: 400;\">Le num\u00e9ro individuel TVA de l\u2019\u00e9diteur est : FR75814328795.<\/span><\/p>\n<p><b>H\u00e9bergement<\/b><\/p>\n<p><span style=\"font-weight: 400;\">Le Site est h\u00e9berg\u00e9 par la soci\u00e9t\u00e9 O2Switch, situ\u00e9 222 Boulevard Gustave Flaubert, 63000 Clermont-Ferrand, (contact t\u00e9l\u00e9phonique ou email : (+33) 4 44 44 60 40).<\/span><\/p>\n<p><b>Directeur de publication\u00a0<\/b><\/p>\n<p><span style=\"font-weight: 400;\">Le Directeur de la publication du Site est Willy SAINT-FELIX .<\/span><\/p>\n<p><b>Nous contacter\u00a0<\/b><\/p>\n<p><span style=\"font-weight: 400;\">Par t\u00e9l\u00e9phone\u00a0: +33233609823<\/span><\/p>\n<p><span style=\"font-weight: 400;\">Par email\u00a0: willysaintfelix@gmail.com<\/span><\/p>\n<p><span style=\"font-weight: 400;\">Par courrier\u00a0: ZA DE BEAUFOUR 50240 SAINT-JAMES<\/span><\/p>\n","protected":false},"excerpt":{"rendered":"<p>Conform\u00e9ment aux dispositions de la loi n\u00b0 2004-575 du 21 juin 2004 pour la confiance en l&#8217;\u00e9conomie num\u00e9rique, il est [&hellip;]<\/p>\n","protected":false},"author":9,"featured_media":0,"parent":0,"menu_order":0,"comment_status":"closed","ping_status":"closed","template":"","meta":{"site-sidebar-layout":"default","site-content-layout":"","ast-site-content-layout":"default","site-content-style":"default","site-sidebar-style":"default","ast-global-header-display":"","ast-banner-title-visibility":"","ast-main-header-display":"","ast-hfb-above-header-display":"","ast-hfb-below-header-display":"","ast-hfb-mobile-header-display":"","site-post-title":"","ast-breadcrumbs-content":"","ast-featured-img":"","footer-sml-layout":"","theme-transparent-header-meta":"default","adv-header-id-meta":"","stick-header-meta":"","header-above-stick-meta":"","header-main-stick-meta":"","header-below-stick-meta":"","astra-migrate-meta-layouts":"set","ast-page-background-enabled":"default","ast-page-background-meta":{"desktop":{"background-color":"var(--ast-global-color-4)","background-image":"","background-repeat":"repeat","background-position":"center center","background-size":"auto","background-attachment":"scroll","background-type":"","background-media":"","overlay-type":"","overlay-color":"","overlay-opacity":"","overlay-gradient":""},"tablet":{"background-color":"","background-image":"","background-repeat":"repeat","background-position":"center center","background-size":"auto","background-attachment":"scroll","background-type":"","background-media":"","overlay-type":"","overlay-color":"","overlay-opacity":"","overlay-gradient":""},"mobile":{"background-color":"","background-image":"","background-repeat":"repeat","background-position":"center center","background-size":"auto","background-attachment":"scroll","background-type":"","background-media":"","overlay-type":"","overlay-color":"","overlay-opacity":"","overlay-gradient":""}},"ast-content-background-meta":{"desktop":{"background-color":"var(--ast-global-color-5)","background-image":"","background-repeat":"repeat","background-position":"center center","background-size":"auto","background-attachment":"scroll","background-type":"","background-media":"","overlay-type":"","overlay-color":"","overlay-opacity":"","overlay-gradient":""},"tablet":{"background-color":"var(--ast-global-color-5)","background-image":"","background-repeat":"repeat","background-position":"center center","background-size":"auto","background-attachment":"scroll","background-type":"","background-media":"","overlay-type":"","overlay-color":"","overlay-opacity":"","overlay-gradient":""},"mobile":{"background-color":"var(--ast-global-color-5)","background-image":"","background-repeat":"repeat","background-position":"center center","background-size":"auto","background-attachment":"scroll","background-type":"","background-media":"","overlay-type":"","overlay-color":"","overlay-opacity":"","overlay-gradient":""}},"footnotes":""},"class_list":["post-214","page","type-page","status-publish","hentry"],"aioseo_notices":[],"yoast_head":"<!-- This site is optimized with the Yoast SEO plugin v27.4 - https:\/\/yoast.com\/product\/yoast-seo-wordpress\/ -->\n<title>Mentions l\u00e9gales - Saam-50 | Saint-James<\/title>\n<meta name=\"robots\" content=\"index, follow, max-snippet:-1, max-image-preview:large, max-video-preview:-1\" \/>\n<link rel=\"canonical\" href=\"https:\/\/www.ambulancetaxi-saam50.fr\/?page_id=214\" \/>\n<meta property=\"og:locale\" content=\"en_US\" \/>\n<meta property=\"og:type\" content=\"article\" \/>\n<meta property=\"og:title\" content=\"Mentions l\u00e9gales - Saam-50 | Saint-James\" \/>\n<meta property=\"og:description\" content=\"Conform\u00e9ment aux dispositions de la loi n\u00b0 2004-575 du 21 juin 2004 pour la confiance en l&#8217;\u00e9conomie num\u00e9rique, il est [&hellip;]\" \/>\n<meta property=\"og:url\" content=\"https:\/\/www.ambulancetaxi-saam50.fr\/?page_id=214\" \/>\n<meta property=\"og:site_name\" content=\"Saam-50 | Saint-James\" \/>\n<meta property=\"article:modified_time\" content=\"2024-10-29T19:51:03+00:00\" \/>\n<meta name=\"twitter:card\" content=\"summary_large_image\" \/>\n<meta name=\"twitter:label1\" content=\"Est. reading time\" \/>\n\t<meta name=\"twitter:data1\" content=\"1 minute\" \/>\n<script type=\"application\/ld+json\" class=\"yoast-schema-graph\">{\"@context\":\"https:\\\/\\\/schema.org\",\"@graph\":[{\"@type\":\"WebPage\",\"@id\":\"https:\\\/\\\/www.ambulancetaxi-saam50.fr\\\/?page_id=214\",\"url\":\"https:\\\/\\\/www.ambulancetaxi-saam50.fr\\\/?page_id=214\",\"name\":\"Mentions l\u00e9gales - Saam-50 | Saint-James\",\"isPartOf\":{\"@id\":\"https:\\\/\\\/www.ambulancetaxi-saam50.fr\\\/#website\"},\"datePublished\":\"2024-08-31T12:53:13+00:00\",\"dateModified\":\"2024-10-29T19:51:03+00:00\",\"breadcrumb\":{\"@id\":\"https:\\\/\\\/www.ambulancetaxi-saam50.fr\\\/?page_id=214#breadcrumb\"},\"inLanguage\":\"en-US\",\"potentialAction\":[{\"@type\":\"ReadAction\",\"target\":[\"https:\\\/\\\/www.ambulancetaxi-saam50.fr\\\/?page_id=214\"]}]},{\"@type\":\"BreadcrumbList\",\"@id\":\"https:\\\/\\\/www.ambulancetaxi-saam50.fr\\\/?page_id=214#breadcrumb\",\"itemListElement\":[{\"@type\":\"ListItem\",\"position\":1,\"name\":\"Home\",\"item\":\"https:\\\/\\\/www.ambulancetaxi-saam50.fr\\\/\"},{\"@type\":\"ListItem\",\"position\":2,\"name\":\"Mentions l\u00e9gales\"}]},{\"@type\":\"WebSite\",\"@id\":\"https:\\\/\\\/www.ambulancetaxi-saam50.fr\\\/#website\",\"url\":\"https:\\\/\\\/www.ambulancetaxi-saam50.fr\\\/\",\"name\":\"Saam-50 | Saint-James\",\"description\":\"\",\"potentialAction\":[{\"@type\":\"SearchAction\",\"target\":{\"@type\":\"EntryPoint\",\"urlTemplate\":\"https:\\\/\\\/www.ambulancetaxi-saam50.fr\\\/?s={search_term_string}\"},\"query-input\":{\"@type\":\"PropertyValueSpecification\",\"valueRequired\":true,\"valueName\":\"search_term_string\"}}],\"inLanguage\":\"en-US\"}]}<\/script>\n<!-- \/ Yoast SEO plugin. -->","yoast_head_json":{"title":"Mentions l\u00e9gales - Saam-50 | Saint-James","robots":{"index":"index","follow":"follow","max-snippet":"max-snippet:-1","max-image-preview":"max-image-preview:large","max-video-preview":"max-video-preview:-1"},"canonical":"https:\/\/www.ambulancetaxi-saam50.fr\/?page_id=214","og_locale":"en_US","og_type":"article","og_title":"Mentions l\u00e9gales - Saam-50 | Saint-James","og_description":"Conform\u00e9ment aux dispositions de la loi n\u00b0 2004-575 du 21 juin 2004 pour la confiance en l&#8217;\u00e9conomie num\u00e9rique, il est [&hellip;]","og_url":"https:\/\/www.ambulancetaxi-saam50.fr\/?page_id=214","og_site_name":"Saam-50 | Saint-James","article_modified_time":"2024-10-29T19:51:03+00:00","twitter_card":"summary_large_image","twitter_misc":{"Est. reading time":"1 minute"},"schema":{"@context":"https:\/\/schema.org","@graph":[{"@type":"WebPage","@id":"https:\/\/www.ambulancetaxi-saam50.fr\/?page_id=214","url":"https:\/\/www.ambulancetaxi-saam50.fr\/?page_id=214","name":"Mentions l\u00e9gales - Saam-50 | Saint-James","isPartOf":{"@id":"https:\/\/www.ambulancetaxi-saam50.fr\/#website"},"datePublished":"2024-08-31T12:53:13+00:00","dateModified":"2024-10-29T19:51:03+00:00","breadcrumb":{"@id":"https:\/\/www.ambulancetaxi-saam50.fr\/?page_id=214#breadcrumb"},"inLanguage":"en-US","potentialAction":[{"@type":"ReadAction","target":["https:\/\/www.ambulancetaxi-saam50.fr\/?page_id=214"]}]},{"@type":"BreadcrumbList","@id":"https:\/\/www.ambulancetaxi-saam50.fr\/?page_id=214#breadcrumb","itemListElement":[{"@type":"ListItem","position":1,"name":"Home","item":"https:\/\/www.ambulancetaxi-saam50.fr\/"},{"@type":"ListItem","position":2,"name":"Mentions l\u00e9gales"}]},{"@type":"WebSite","@id":"https:\/\/www.ambulancetaxi-saam50.fr\/#website","url":"https:\/\/www.ambulancetaxi-saam50.fr\/","name":"Saam-50 | Saint-James","description":"","potentialAction":[{"@type":"SearchAction","target":{"@type":"EntryPoint","urlTemplate":"https:\/\/www.ambulancetaxi-saam50.fr\/?s={search_term_string}"},"query-input":{"@type":"PropertyValueSpecification","valueRequired":true,"valueName":"search_term_string"}}],"inLanguage":"en-US"}]}},"_links":{"self":[{"href":"https:\/\/www.ambulancetaxi-saam50.fr\/index.php?rest_route=\/wp\/v2\/pages\/214","targetHints":{"allow":["GET"]}}],"collection":[{"href":"https:\/\/www.ambulancetaxi-saam50.fr\/index.php?rest_route=\/wp\/v2\/pages"}],"about":[{"href":"https:\/\/www.ambulancetaxi-saam50.fr\/index.php?rest_route=\/wp\/v2\/types\/page"}],"author":[{"embeddable":true,"href":"https:\/\/www.ambulancetaxi-saam50.fr\/index.php?rest_route=\/wp\/v2\/users\/9"}],"replies":[{"embeddable":true,"href":"https:\/\/www.ambulancetaxi-saam50.fr\/index.php?rest_route=%2Fwp%2Fv2%2Fcomments&post=214"}],"version-history":[{"count":3,"href":"https:\/\/www.ambulancetaxi-saam50.fr\/index.php?rest_route=\/wp\/v2\/pages\/214\/revisions"}],"predecessor-version":[{"id":584,"href":"https:\/\/www.ambulancetaxi-saam50.fr\/index.php?rest_route=\/wp\/v2\/pages\/214\/revisions\/584"}],"wp:attachment":[{"href":"https:\/\/www.ambulancetaxi-saam50.fr\/index.php?rest_route=%2Fwp%2Fv2%2Fmedia&parent=214"}],"curies":[{"name":"wp","href":"https:\/\/api.w.org\/{rel}","templated":true}]}}